{"id":4893,"date":"2021-03-29T09:46:00","date_gmt":"2021-03-29T07:46:00","guid":{"rendered":"https:\/\/www.voresnykobing.dk\/?page_id=4893"},"modified":"2026-03-11T12:10:28","modified_gmt":"2026-03-11T11:10:28","slug":"ostereierwettbewerb-2026","status":"publish","type":"page","link":"https:\/\/www.voresnykobing.dk\/de\/paaskeaeg-konkurrence-2026\/","title":{"rendered":"Osterwettbewerb"},"content":{"rendered":"\t\t<div data-elementor-type=\"wp-page\" data-elementor-id=\"4893\" class=\"elementor elementor-4893\" data-elementor-post-type=\"page\">\n\t\t\t\t\t\t<section class=\"elementor-section elementor-top-section elementor-element elementor-element-ed01e1f elementor-section-boxed elementor-section-height-default elementor-section-height-default\" data-id=\"ed01e1f\" data-element_type=\"section\" data-e-type=\"section\" data-settings=\"{&quot;jet_parallax_layout_list&quot;:[{&quot;jet_parallax_layout_image&quot;:{&quot;url&quot;:&quot;&quot;,&quot;id&quot;:&quot;&quot;,&quot;size&quot;:&quot;&quot;},&quot;_id&quot;:&quot;6984ef4&quot;,&quot;jet_parallax_layout_image_tablet&quot;:{&quot;url&quot;:&quot;&quot;,&quot;id&quot;:&quot;&quot;,&quot;size&quot;:&quot;&quot;},&quot;jet_parallax_layout_image_mobile&quot;:{&quot;url&quot;:&quot;&quot;,&quot;id&quot;:&quot;&quot;,&quot;size&quot;:&quot;&quot;},&quot;jet_parallax_layout_speed&quot;:{&quot;unit&quot;:&quot;%&quot;,&quot;size&quot;:50,&quot;sizes&quot;:[]},&quot;jet_parallax_layout_type&quot;:&quot;scroll&quot;,&quot;jet_parallax_layout_direction&quot;:&quot;1&quot;,&quot;jet_parallax_layout_fx_direction&quot;:null,&quot;jet_parallax_layout_z_index&quot;:&quot;&quot;,&quot;jet_parallax_layout_bg_x&quot;:50,&quot;jet_parallax_layout_bg_x_tablet&quot;:&quot;&quot;,&quot;jet_parallax_layout_bg_x_mobile&quot;:&quot;&quot;,&quot;jet_parallax_layout_bg_y&quot;:50,&quot;jet_parallax_layout_bg_y_tablet&quot;:&quot;&quot;,&quot;jet_parallax_layout_bg_y_mobile&quot;:&quot;&quot;,&quot;jet_parallax_layout_bg_size&quot;:&quot;auto&quot;,&quot;jet_parallax_layout_bg_size_tablet&quot;:&quot;&quot;,&quot;jet_parallax_layout_bg_size_mobile&quot;:&quot;&quot;,&quot;jet_parallax_layout_animation_prop&quot;:&quot;transform&quot;,&quot;jet_parallax_layout_on&quot;:[&quot;desktop&quot;,&quot;tablet&quot;]}]}\">\n\t\t\t\t\t\t<div class=\"elementor-container elementor-column-gap-default\">\n\t\t\t\t\t<div class=\"elementor-column elementor-col-100 elementor-top-column elementor-element elementor-element-7526b44\" data-id=\"7526b44\" data-element_type=\"column\" data-e-type=\"column\">\n\t\t\t<div class=\"elementor-widget-wrap elementor-element-populated\">\n\t\t\t\t\t\t<div class=\"elementor-element elementor-element-e9cbf9c elementor-widget elementor-widget-heading\" data-id=\"e9cbf9c\" data-element_type=\"widget\" data-e-type=\"widget\" data-widget_type=\"heading.default\">\n\t\t\t\t<div class=\"elementor-widget-container\">\n\t\t\t\t\t<h1 class=\"elementor-heading-title elementor-size-default\">P\u00e5ske Konkurrencen 2026<\/h1>\t\t\t\t<\/div>\n\t\t\t\t<\/div>\n\t\t\t\t<div class=\"elementor-element elementor-element-bdbe21e elementor-widget elementor-widget-text-editor\" data-id=\"bdbe21e\" data-element_type=\"widget\" data-e-type=\"widget\" data-widget_type=\"text-editor.default\">\n\t\t\t\t<div class=\"elementor-widget-container\">\n\t\t\t\t\t\t\t\t\t<div class=\"x14z9mp xat24cr x1lziwak x1vvkbs xtlvy1s\">Den 30. marts g\u00e5r salget af vores p\u00e5ske\u00e6g i gang og du kan finde dem i vores medlemsbutikker!<\/div><div class=\"x14z9mp xat24cr x1lziwak x1vvkbs xtlvy1s\">I \u00e5r er p\u00e5ske\u00e6gget en flot p\u00e5skegul \u00e6ske fyldt med belgiske chokolader \u2013 der er gevinst p\u00e5 hvert andet \u00e6g!!\u00a0<\/div><div class=\"x14z9mp xat24cr x1lziwak x1vvkbs xtlvy1s\">\u00a0<\/div><div class=\"x14z9mp xat24cr x1lziwak x1vvkbs xtlvy1s\"><span class=\"html-span xexx8yu xyri2b x18d9i69 x1c1uobl x1hl2dhg x16tdsg8 x1vvkbs x3nfvp2 x1j61x8r x1fcty0u xdj266r xat24cr xm2jcoa x1mpyi22 xxymvpz xlup9mm x1kky2od\"><img decoding=\"async\" class=\"xz74otr x15mokao x1ga7v0g x16uus16 xbiv7yw\" src=\"https:\/\/static.xx.fbcdn.net\/images\/emoji.php\/v9\/tb4\/1\/16\/2b50.png\" alt=\"\u2b50\ufe0f\" width=\"16\" height=\"16\" \/><\/span>\u00a0Vores chokolade p\u00e5ske\u00e6g koster kr. 99,00\u00a0<span class=\"html-span xexx8yu xyri2b x18d9i69 x1c1uobl x1hl2dhg x16tdsg8 x1vvkbs x3nfvp2 x1j61x8r x1fcty0u xdj266r xat24cr xm2jcoa x1mpyi22 xxymvpz xlup9mm x1kky2od\"><img decoding=\"async\" class=\"xz74otr x15mokao x1ga7v0g x16uus16 xbiv7yw\" src=\"https:\/\/static.xx.fbcdn.net\/images\/emoji.php\/v9\/tb4\/1\/16\/2b50.png\" alt=\"\u2b50\ufe0f\" width=\"16\" height=\"16\" \/><\/span><\/div><div>\u00a0<\/div><p>K\u00f8b dit p\u00e5ske\u00e6g i en af f\u00f8lgende butikker:<\/p><ul><li>Bog &amp; Id\u00e9\/legek\u00e6den<\/li><li>Emil Hansen &amp; S\u00f8n<\/li><li>Jacobsen midt i byen<\/li><li>Kop &amp; Kande<\/li><li>Meny Havnen<\/li><li>MillaMe<\/li><li>Museum Obscurum<\/li><li>My Apartment<\/li><li>Papaya Catwalk<\/li><li>Parfumeri Ham og Hende<\/li><li>Sk\u00f6n Fris\u00f8r<\/li><li>SOLO<\/li><li>SPORT 24<\/li><li>Taskehuset<\/li><li>Thea (Marius Mortensen eftf.)<\/li><li>T\u00f8jeksperten<\/li><\/ul><p>Har du k\u00f8bt et p\u00e5ske\u00e6g, og er du sp\u00e6ndt p\u00e5 om du har vundet en pr\u00e6mie?<\/p><p>Tjek dit lykkenummer og se om du kan finde det p\u00e5 pr\u00e6mieoversigten. Hvis det lykkes, s\u00e5 har du vundet en pr\u00e6mie! Pr\u00e6mien er angivet nede under lykkenummeret.<\/p><p><u>Husk, at du skal hente din pr\u00e6mie i den p\u00e5g\u00e6ldende butik, og medbringe lykkenummeret! <\/u>Det skal bruges til udlevering af din pr\u00e6mie.<\/p><p>Du kan se en oversigt over lykkenumrene <b><a href=\"https:\/\/www.voresnykobing.dk\/wp-content\/uploads\/2026\/03\/Lykkenumre-oversigt.pdf\" target=\"_blank\" rel=\"noopener\"><span style=\"text-decoration: underline;\">her<\/span>.<\/a><\/b><\/p><p>Har du vundet et gavekort fra Vores Nyk\u00f8bing? S\u00e5 send en e-mail til <strong><a href=\"mailto:lr@voresnykobing.dk\">lr@voresnykobing.dk<\/a><\/strong>.<\/p><p>Tak for din deltagelse.<\/p><p><b>Pr\u00e6mier skal v\u00e6re afhentet senest 30. april 2026<\/b><\/p>\t\t\t\t\t\t\t\t<\/div>\n\t\t\t\t<\/div>\n\t\t\t\t<div class=\"elementor-element elementor-element-4082de0 elementor-widget elementor-widget-image\" data-id=\"4082de0\" data-element_type=\"widget\" data-e-type=\"widget\" data-widget_type=\"image.default\">\n\t\t\t\t<div class=\"elementor-widget-container\">\n\t\t\t\t\t\t\t\t\t\t\t\t\t\t\t\t<a href=\"https:\/\/www.voresnykobing.dk\/wp-content\/uploads\/2026\/03\/Oversigt-paaskekonkurrence-001-100-scaled.png\" target=\"_blank\">\n\t\t\t\t\t\t\t<img fetchpriority=\"high\" decoding=\"async\" width=\"1810\" height=\"2560\" src=\"https:\/\/www.voresnykobing.dk\/wp-content\/uploads\/2026\/03\/Oversigt-paaskekonkurrence-001-100-scaled.png\" class=\"attachment-full size-full wp-image-6592\" alt=\"\" srcset=\"https:\/\/www.voresnykobing.dk\/wp-content\/uploads\/2026\/03\/Oversigt-paaskekonkurrence-001-100-scaled.png 1810w, https:\/\/www.voresnykobing.dk\/wp-content\/uploads\/2026\/03\/Oversigt-paaskekonkurrence-001-100-212x300.png 212w, https:\/\/www.voresnykobing.dk\/wp-content\/uploads\/2026\/03\/Oversigt-paaskekonkurrence-001-100-724x1024.png 724w, https:\/\/www.voresnykobing.dk\/wp-content\/uploads\/2026\/03\/Oversigt-paaskekonkurrence-001-100-768x1086.png 768w, https:\/\/www.voresnykobing.dk\/wp-content\/uploads\/2026\/03\/Oversigt-paaskekonkurrence-001-100-1086x1536.png 1086w, https:\/\/www.voresnykobing.dk\/wp-content\/uploads\/2026\/03\/Oversigt-paaskekonkurrence-001-100-1448x2048.png 1448w, https:\/\/www.voresnykobing.dk\/wp-content\/uploads\/2026\/03\/Oversigt-paaskekonkurrence-001-100-8x12.png 8w\" sizes=\"(max-width: 1810px) 100vw, 1810px\" \/>\t\t\t\t\t\t\t\t<\/a>\n\t\t\t\t\t\t\t\t\t\t\t\t\t\t\t<\/div>\n\t\t\t\t<\/div>\n\t\t\t\t\t<\/div>\n\t\t<\/div>\n\t\t\t\t\t<\/div>\n\t\t<\/section>\n\t\t\t\t<\/div>\n\t\t","protected":false},"excerpt":{"rendered":"<p>P\u00e5ske Konkurrencen 2026 Den 30. marts g\u00e5r salget af vores p\u00e5ske\u00e6g i gang og du kan finde dem i vores medlemsbutikker!I \u00e5r er p\u00e5ske\u00e6gget en flot p\u00e5skegul \u00e6ske fyldt med belgiske chokolader \u2013 der er gevinst p\u00e5 hvert andet \u00e6g!!\u00a0\u00a0\u00a0Vores chokolade p\u00e5ske\u00e6g koster kr. 99,00\u00a0\u00a0 K\u00f8b dit p\u00e5ske\u00e6g i en af f\u00f8lgende butikker: Bog &amp; &#8230; <a title=\"Osterwettbewerb\" class=\"read-more\" href=\"https:\/\/www.voresnykobing.dk\/de\/paaskeaeg-konkurrence-2026\/\" aria-label=\"Mehr Informationen \u00fcber P\u00e5ske konkurrence\">Lesen Sie mehr ...<\/a><\/p>","protected":false},"author":1,"featured_media":0,"parent":0,"menu_order":0,"comment_status":"closed","ping_status":"closed","template":"","meta":{"footnotes":""},"class_list":["post-4893","page","type-page","status-publish"],"yoast_head":"<!-- This site is optimized with the Yoast SEO plugin v27.4 - https:\/\/yoast.com\/product\/yoast-seo-wordpress\/ -->\n<title>P\u00e5ske konkurrence | Vores Nyk\u00f8bing<\/title>\n<meta name=\"robots\" content=\"index, follow, max-snippet:-1, max-image-preview:large, max-video-preview:-1\" \/>\n<link rel=\"canonical\" href=\"https:\/\/www.voresnykobing.dk\/de\/ostereierwettbewerb-2026\/\" \/>\n<meta property=\"og:locale\" content=\"de_DE\" \/>\n<meta property=\"og:type\" content=\"article\" \/>\n<meta property=\"og:title\" content=\"P\u00e5ske konkurrence | Vores Nyk\u00f8bing\" \/>\n<meta property=\"og:description\" content=\"P\u00e5ske Konkurrencen 2026 Den 30. marts g\u00e5r salget af vores p\u00e5ske\u00e6g i gang og du kan finde dem i vores medlemsbutikker!I \u00e5r er p\u00e5ske\u00e6gget en flot p\u00e5skegul \u00e6ske fyldt med belgiske chokolader \u2013 der er gevinst p\u00e5 hvert andet \u00e6g!!\u00a0\u00a0\u00a0Vores chokolade p\u00e5ske\u00e6g koster kr. 99,00\u00a0\u00a0 K\u00f8b dit p\u00e5ske\u00e6g i en af f\u00f8lgende butikker: Bog &amp; ... Weiterlesen ...\" \/>\n<meta property=\"og:url\" content=\"https:\/\/www.voresnykobing.dk\/de\/ostereierwettbewerb-2026\/\" \/>\n<meta property=\"og:site_name\" content=\"Vores Nyk\u00f8bing\" \/>\n<meta property=\"article:publisher\" content=\"https:\/\/www.facebook.com\/voresnykobing\" \/>\n<meta property=\"article:modified_time\" content=\"2026-03-11T11:10:28+00:00\" \/>\n<meta property=\"og:image\" content=\"https:\/\/static.xx.fbcdn.net\/images\/emoji.php\/v9\/tb4\/1\/16\/2b50.png\" \/>\n<meta name=\"twitter:card\" content=\"summary_large_image\" \/>\n<meta name=\"twitter:label1\" content=\"Gesch\u00e4tzte Lesezeit\" \/>\n\t<meta name=\"twitter:data1\" content=\"2\u00a0Minuten\" \/>\n<script type=\"application\/ld+json\" class=\"yoast-schema-graph\">{\"@context\":\"https:\\\/\\\/schema.org\",\"@graph\":[{\"@type\":\"WebPage\",\"@id\":\"https:\\\/\\\/www.voresnykobing.dk\\\/paaskeaeg-konkurrence-2026\\\/\",\"url\":\"https:\\\/\\\/www.voresnykobing.dk\\\/paaskeaeg-konkurrence-2026\\\/\",\"name\":\"P\u00e5ske konkurrence | Vores Nyk\u00f8bing\",\"isPartOf\":{\"@id\":\"https:\\\/\\\/www.voresnykobing.dk\\\/#website\"},\"primaryImageOfPage\":{\"@id\":\"https:\\\/\\\/www.voresnykobing.dk\\\/paaskeaeg-konkurrence-2026\\\/#primaryimage\"},\"image\":{\"@id\":\"https:\\\/\\\/www.voresnykobing.dk\\\/paaskeaeg-konkurrence-2026\\\/#primaryimage\"},\"thumbnailUrl\":\"https:\\\/\\\/static.xx.fbcdn.net\\\/images\\\/emoji.php\\\/v9\\\/tb4\\\/1\\\/16\\\/2b50.png\",\"datePublished\":\"2021-03-29T07:46:00+00:00\",\"dateModified\":\"2026-03-11T11:10:28+00:00\",\"breadcrumb\":{\"@id\":\"https:\\\/\\\/www.voresnykobing.dk\\\/paaskeaeg-konkurrence-2026\\\/#breadcrumb\"},\"inLanguage\":\"de\",\"potentialAction\":[{\"@type\":\"ReadAction\",\"target\":[\"https:\\\/\\\/www.voresnykobing.dk\\\/paaskeaeg-konkurrence-2026\\\/\"]}]},{\"@type\":\"ImageObject\",\"inLanguage\":\"de\",\"@id\":\"https:\\\/\\\/www.voresnykobing.dk\\\/paaskeaeg-konkurrence-2026\\\/#primaryimage\",\"url\":\"https:\\\/\\\/static.xx.fbcdn.net\\\/images\\\/emoji.php\\\/v9\\\/tb4\\\/1\\\/16\\\/2b50.png\",\"contentUrl\":\"https:\\\/\\\/static.xx.fbcdn.net\\\/images\\\/emoji.php\\\/v9\\\/tb4\\\/1\\\/16\\\/2b50.png\"},{\"@type\":\"BreadcrumbList\",\"@id\":\"https:\\\/\\\/www.voresnykobing.dk\\\/paaskeaeg-konkurrence-2026\\\/#breadcrumb\",\"itemListElement\":[{\"@type\":\"ListItem\",\"position\":1,\"name\":\"Hjem\",\"item\":\"https:\\\/\\\/www.voresnykobing.dk\\\/\"},{\"@type\":\"ListItem\",\"position\":2,\"name\":\"P\u00e5ske konkurrence\"}]},{\"@type\":\"WebSite\",\"@id\":\"https:\\\/\\\/www.voresnykobing.dk\\\/#website\",\"url\":\"https:\\\/\\\/www.voresnykobing.dk\\\/\",\"name\":\"Vores Nyk\u00f8bing\",\"description\":\"Shopping og butikker i Nyk\u00f8bing F\",\"publisher\":{\"@id\":\"https:\\\/\\\/www.voresnykobing.dk\\\/#organization\"},\"potentialAction\":[{\"@type\":\"SearchAction\",\"target\":{\"@type\":\"EntryPoint\",\"urlTemplate\":\"https:\\\/\\\/www.voresnykobing.dk\\\/?s={search_term_string}\"},\"query-input\":{\"@type\":\"PropertyValueSpecification\",\"valueRequired\":true,\"valueName\":\"search_term_string\"}}],\"inLanguage\":\"de\"},{\"@type\":\"Organization\",\"@id\":\"https:\\\/\\\/www.voresnykobing.dk\\\/#organization\",\"name\":\"Vores Nyk\u00f8bing\",\"url\":\"https:\\\/\\\/www.voresnykobing.dk\\\/\",\"logo\":{\"@type\":\"ImageObject\",\"inLanguage\":\"de\",\"@id\":\"https:\\\/\\\/www.voresnykobing.dk\\\/#\\\/schema\\\/logo\\\/image\\\/\",\"url\":\"https:\\\/\\\/www.voresnykobing.dk\\\/wp-content\\\/uploads\\\/2020\\\/06\\\/voresnyk-logo-2.png\",\"contentUrl\":\"https:\\\/\\\/www.voresnykobing.dk\\\/wp-content\\\/uploads\\\/2020\\\/06\\\/voresnyk-logo-2.png\",\"width\":209,\"height\":230,\"caption\":\"Vores Nyk\u00f8bing\"},\"image\":{\"@id\":\"https:\\\/\\\/www.voresnykobing.dk\\\/#\\\/schema\\\/logo\\\/image\\\/\"},\"sameAs\":[\"https:\\\/\\\/www.facebook.com\\\/voresnykobing\"]}]}<\/script>\n<!-- \/ Yoast SEO plugin. -->","yoast_head_json":{"title":"Ostergewinnspiel | Unser Nyk\u00f8bing","robots":{"index":"index","follow":"follow","max-snippet":"max-snippet:-1","max-image-preview":"max-image-preview:large","max-video-preview":"max-video-preview:-1"},"canonical":"https:\/\/www.voresnykobing.dk\/de\/ostereierwettbewerb-2026\/","og_locale":"de_DE","og_type":"article","og_title":"P\u00e5ske konkurrence | Vores Nyk\u00f8bing","og_description":"P\u00e5ske Konkurrencen 2026 Den 30. marts g\u00e5r salget af vores p\u00e5ske\u00e6g i gang og du kan finde dem i vores medlemsbutikker!I \u00e5r er p\u00e5ske\u00e6gget en flot p\u00e5skegul \u00e6ske fyldt med belgiske chokolader \u2013 der er gevinst p\u00e5 hvert andet \u00e6g!!\u00a0\u00a0\u00a0Vores chokolade p\u00e5ske\u00e6g koster kr. 99,00\u00a0\u00a0 K\u00f8b dit p\u00e5ske\u00e6g i en af f\u00f8lgende butikker: Bog &amp; ... Weiterlesen ...","og_url":"https:\/\/www.voresnykobing.dk\/de\/ostereierwettbewerb-2026\/","og_site_name":"Vores Nyk\u00f8bing","article_publisher":"https:\/\/www.facebook.com\/voresnykobing","article_modified_time":"2026-03-11T11:10:28+00:00","og_image":[{"url":"https:\/\/static.xx.fbcdn.net\/images\/emoji.php\/v9\/tb4\/1\/16\/2b50.png","type":"","width":"","height":""}],"twitter_card":"summary_large_image","twitter_misc":{"Gesch\u00e4tzte Lesezeit":"2\u00a0Minuten"},"schema":{"@context":"https:\/\/schema.org","@graph":[{"@type":"WebPage","@id":"https:\/\/www.voresnykobing.dk\/paaskeaeg-konkurrence-2026\/","url":"https:\/\/www.voresnykobing.dk\/paaskeaeg-konkurrence-2026\/","name":"Ostergewinnspiel | Unser Nyk\u00f8bing","isPartOf":{"@id":"https:\/\/www.voresnykobing.dk\/#website"},"primaryImageOfPage":{"@id":"https:\/\/www.voresnykobing.dk\/paaskeaeg-konkurrence-2026\/#primaryimage"},"image":{"@id":"https:\/\/www.voresnykobing.dk\/paaskeaeg-konkurrence-2026\/#primaryimage"},"thumbnailUrl":"https:\/\/static.xx.fbcdn.net\/images\/emoji.php\/v9\/tb4\/1\/16\/2b50.png","datePublished":"2021-03-29T07:46:00+00:00","dateModified":"2026-03-11T11:10:28+00:00","breadcrumb":{"@id":"https:\/\/www.voresnykobing.dk\/paaskeaeg-konkurrence-2026\/#breadcrumb"},"inLanguage":"de","potentialAction":[{"@type":"ReadAction","target":["https:\/\/www.voresnykobing.dk\/paaskeaeg-konkurrence-2026\/"]}]},{"@type":"ImageObject","inLanguage":"de","@id":"https:\/\/www.voresnykobing.dk\/paaskeaeg-konkurrence-2026\/#primaryimage","url":"https:\/\/static.xx.fbcdn.net\/images\/emoji.php\/v9\/tb4\/1\/16\/2b50.png","contentUrl":"https:\/\/static.xx.fbcdn.net\/images\/emoji.php\/v9\/tb4\/1\/16\/2b50.png"},{"@type":"BreadcrumbList","@id":"https:\/\/www.voresnykobing.dk\/paaskeaeg-konkurrence-2026\/#breadcrumb","itemListElement":[{"@type":"ListItem","position":1,"name":"Hjem","item":"https:\/\/www.voresnykobing.dk\/"},{"@type":"ListItem","position":2,"name":"P\u00e5ske konkurrence"}]},{"@type":"WebSite","@id":"https:\/\/www.voresnykobing.dk\/#website","url":"https:\/\/www.voresnykobing.dk\/","name":"Unser Nyk\u00f8bing","description":"Einkaufen und Gesch\u00e4fte in Nyk\u00f8bing F","publisher":{"@id":"https:\/\/www.voresnykobing.dk\/#organization"},"potentialAction":[{"@type":"SearchAction","target":{"@type":"EntryPoint","urlTemplate":"https:\/\/www.voresnykobing.dk\/?s={search_term_string}"},"query-input":{"@type":"PropertyValueSpecification","valueRequired":true,"valueName":"search_term_string"}}],"inLanguage":"de"},{"@type":"Organization","@id":"https:\/\/www.voresnykobing.dk\/#organization","name":"Unser Nyk\u00f8bing","url":"https:\/\/www.voresnykobing.dk\/","logo":{"@type":"ImageObject","inLanguage":"de","@id":"https:\/\/www.voresnykobing.dk\/#\/schema\/logo\/image\/","url":"https:\/\/www.voresnykobing.dk\/wp-content\/uploads\/2020\/06\/voresnyk-logo-2.png","contentUrl":"https:\/\/www.voresnykobing.dk\/wp-content\/uploads\/2020\/06\/voresnyk-logo-2.png","width":209,"height":230,"caption":"Vores Nyk\u00f8bing"},"image":{"@id":"https:\/\/www.voresnykobing.dk\/#\/schema\/logo\/image\/"},"sameAs":["https:\/\/www.facebook.com\/voresnykobing"]}]}},"_links":{"self":[{"href":"https:\/\/www.voresnykobing.dk\/de\/wp-json\/wp\/v2\/pages\/4893","targetHints":{"allow":["GET"]}}],"collection":[{"href":"https:\/\/www.voresnykobing.dk\/de\/wp-json\/wp\/v2\/pages"}],"about":[{"href":"https:\/\/www.voresnykobing.dk\/de\/wp-json\/wp\/v2\/types\/page"}],"author":[{"embeddable":true,"href":"https:\/\/www.voresnykobing.dk\/de\/wp-json\/wp\/v2\/users\/1"}],"replies":[{"embeddable":true,"href":"https:\/\/www.voresnykobing.dk\/de\/wp-json\/wp\/v2\/comments?post=4893"}],"version-history":[{"count":3,"href":"https:\/\/www.voresnykobing.dk\/de\/wp-json\/wp\/v2\/pages\/4893\/revisions"}],"predecessor-version":[{"id":6605,"href":"https:\/\/www.voresnykobing.dk\/de\/wp-json\/wp\/v2\/pages\/4893\/revisions\/6605"}],"wp:attachment":[{"href":"https:\/\/www.voresnykobing.dk\/de\/wp-json\/wp\/v2\/media?parent=4893"}],"curies":[{"name":"wp","href":"https:\/\/api.w.org\/{rel}","templated":true}]}}