{"id":6635,"date":"2026-05-05T12:50:16","date_gmt":"2026-05-05T10:50:16","guid":{"rendered":"https:\/\/www.voresnykobing.dk\/?page_id=6635"},"modified":"2026-05-05T12:59:12","modified_gmt":"2026-05-05T10:59:12","slug":"biglietti-per-la-degustazione-di-rose-vip-2026","status":"publish","type":"page","link":"https:\/\/www.voresnykobing.dk\/de\/billetter-til-vip-rosesmagning-2026\/","title":{"rendered":"Tickets f\u00fcr die VIP-Ros\u00e9-Verkostung 2026"},"content":{"rendered":"<div data-elementor-type=\"wp-page\" data-elementor-id=\"6635\" class=\"elementor elementor-6635\" data-elementor-post-type=\"page\">\n\t\t\t\t\t\t<section class=\"elementor-section elementor-top-section elementor-element elementor-element-f2c2d2f elementor-section-boxed elementor-section-height-default elementor-section-height-default\" data-id=\"f2c2d2f\" data-element_type=\"section\" data-e-type=\"section\" data-settings=\"{&quot;jet_parallax_layout_list&quot;:[]}\">\n\t\t\t\t\t\t<div class=\"elementor-container elementor-column-gap-default\">\n\t\t\t\t\t<div class=\"elementor-column elementor-col-100 elementor-top-column elementor-element elementor-element-3839070\" data-id=\"3839070\" data-element_type=\"column\" data-e-type=\"column\">\n\t\t\t<div class=\"elementor-widget-wrap elementor-element-populated\">\n\t\t\t\t\t\t<div class=\"elementor-element elementor-element-42e0b32 elementor-widget elementor-widget-heading\" data-id=\"42e0b32\" data-element_type=\"widget\" data-e-type=\"widget\" data-widget_type=\"heading.default\">\n\t\t\t\t<div class=\"elementor-widget-container\">\n\t\t\t\t\t<h1 class=\"elementor-heading-title elementor-size-default\">VIP Ros\u00e9verkostung f\u00fcr das Ros\u00e9 Festival<\/h1>\t\t\t\t<\/div>\n\t\t\t\t<\/div>\n\t\t\t\t<div class=\"elementor-element elementor-element-71e0a4f elementor-widget elementor-widget-text-editor\" data-id=\"71e0a4f\" data-element_type=\"widget\" data-e-type=\"widget\" data-widget_type=\"text-editor.default\">\n\t\t\t\t<div class=\"elementor-widget-container\">\n\t\t\t\t\t\t\t\t\t<p data-start=\"85\" data-end=\"138\">M\u00f6chtest du das Ros\u00e9 Festival auf ganz besondere Weise erleben?<\/p><p data-start=\"140\" data-end=\"359\">Mit einer VIP Ros\u00e9-Verkostung erleben Sie eine exklusive Verkostung im Glashaus am Torvet. Hier f\u00fchrt Sie Marius Mortensen durch <strong data-start=\"262\" data-end=\"290\">3 sorgf\u00e4ltig ausgew\u00e4hlte Ros\u00e9weine<\/strong> mit spannenden Erz\u00e4hlungen, Geschmacksnuancen und Einblicken in die Welt des Weins.<\/p><p data-start=\"361\" data-end=\"455\">Es ist nicht nur ein Glas Wein \u2013 es ist ein Erlebnis mit Eintauchen, Atmosph\u00e4re und viel Ros\u00e9.<\/p>\t\t\t\t\t\t\t\t<\/div>\n\t\t\t\t<\/div>\n\t\t\t\t\t<\/div>\n\t\t<\/div>\n\t\t\t\t\t<\/div>\n\t\t<\/section>\n\t\t\t\t<section class=\"elementor-section elementor-top-section elementor-element elementor-element-764259d elementor-section-boxed elementor-section-height-default elementor-section-height-default\" data-id=\"764259d\" data-element_type=\"section\" data-e-type=\"section\" data-settings=\"{&quot;jet_parallax_layout_list&quot;:[]}\">\n\t\t\t\t\t\t<div class=\"elementor-container elementor-column-gap-default\">\n\t\t\t\t\t<div class=\"elementor-column elementor-col-100 elementor-top-column elementor-element elementor-element-8724427\" data-id=\"8724427\" data-element_type=\"column\" data-e-type=\"column\" data-settings=\"{&quot;background_background&quot;:&quot;classic&quot;}\">\n\t\t\t<div class=\"elementor-widget-wrap elementor-element-populated\">\n\t\t\t\t\t\t<div class=\"elementor-element elementor-element-c9cad32 elementor-widget elementor-widget-text-editor\" data-id=\"c9cad32\" data-element_type=\"widget\" data-e-type=\"widget\" data-widget_type=\"text-editor.default\">\n\t\t\t\t<div class=\"elementor-widget-container\">\n\t\t\t\t\t\t\t\t\t<p><strong data-start=\"457\" data-end=\"485\">Preis <\/strong>150 kr. pro Person<br data-start=\"485\" data-end=\"488\" \/><strong data-start=\"488\" data-end=\"513\">Dauer <\/strong>30 Minuten<br data-start=\"513\" data-end=\"516\" \/><strong data-start=\"516\" data-end=\"546\">Standort: <\/strong>Glasd\u00e6kket p\u00e5 Torvet<br data-start=\"546\" data-end=\"549\" \/><strong data-start=\"549\" data-end=\"570\">Altersgrenze <\/strong>18+<\/p>\t\t\t\t\t\t\t\t<\/div>\n\t\t\t\t<\/div>\n\t\t\t\t\t<\/div>\n\t\t<\/div>\n\t\t\t\t\t<\/div>\n\t\t<\/section>\n\t\t\t\t<section class=\"elementor-section elementor-top-section elementor-element elementor-element-d1aacc3 elementor-section-boxed elementor-section-height-default elementor-section-height-default\" data-id=\"d1aacc3\" data-element_type=\"section\" data-e-type=\"section\" data-settings=\"{&quot;jet_parallax_layout_list&quot;:[]}\">\n\t\t\t\t\t\t<div class=\"elementor-container elementor-column-gap-default\">\n\t\t\t\t\t<div class=\"elementor-column elementor-col-100 elementor-top-column elementor-element elementor-element-f847c57\" data-id=\"f847c57\" data-element_type=\"column\" data-e-type=\"column\">\n\t\t\t<div class=\"elementor-widget-wrap elementor-element-populated\">\n\t\t\t\t\t\t<div class=\"elementor-element elementor-element-a5eb2b5 elementor-widget elementor-widget-heading\" data-id=\"a5eb2b5\" data-element_type=\"widget\" data-e-type=\"widget\" data-widget_type=\"heading.default\">\n\t\t\t\t<div class=\"elementor-widget-container\">\n\t\t\t\t\t<h2 class=\"elementor-heading-title elementor-size-default\">W\u00e4hlen Sie Ihre Verkostung<\/h2>\t\t\t\t<\/div>\n\t\t\t\t<\/div>\n\t\t\t\t\t<\/div>\n\t\t<\/div>\n\t\t\t\t\t<\/div>\n\t\t<\/section>\n\t\t\t\t<section class=\"elementor-section elementor-top-section elementor-element elementor-element-e15532e elementor-section-boxed elementor-section-height-default elementor-section-height-default\" data-id=\"e15532e\" data-element_type=\"section\" data-e-type=\"section\" data-settings=\"{&quot;jet_parallax_layout_list&quot;:[]}\">\n\t\t\t\t\t\t<div class=\"elementor-container elementor-column-gap-default\">\n\t\t\t\t\t<div class=\"elementor-column elementor-col-33 elementor-top-column elementor-element elementor-element-0329ecf\" data-id=\"0329ecf\" data-element_type=\"column\" data-e-type=\"column\">\n\t\t\t<div class=\"elementor-widget-wrap elementor-element-populated\">\n\t\t\t\t\t\t<div class=\"elementor-element elementor-element-33380d0 elementor-align-center elementor-widget elementor-widget-button\" data-id=\"33380d0\" data-element_type=\"widget\" data-e-type=\"widget\" data-widget_type=\"button.default\">\n\t\t\t\t<div class=\"elementor-widget-container\">\n\t\t\t\t\t\t\t\t\t<div class=\"elementor-button-wrapper\">\n\t\t\t\t\t<a class=\"elementor-button elementor-button-link elementor-size-sm\" href=\"https:\/\/bestilling.dsgm.dk\/VIPsmagning17\">\n\t\t\t\t\t\t<span class=\"elementor-button-content-wrapper\">\n\t\t\t\t\t\t\t\t\t<span class=\"elementor-button-text\">Buchen Sie 17:00\u201317:30 Uhr<\/span>\n\t\t\t\t\t<\/span>\n\t\t\t\t\t<\/a>\n\t\t\t\t<\/div>\n\t\t\t\t\t\t\t\t<\/div>\n\t\t\t\t<\/div>\n\t\t\t\t\t<\/div>\n\t\t<\/div>\n\t\t\t\t<div class=\"elementor-column elementor-col-33 elementor-top-column elementor-element elementor-element-ad257c1\" data-id=\"ad257c1\" data-element_type=\"column\" data-e-type=\"column\">\n\t\t\t<div class=\"elementor-widget-wrap elementor-element-populated\">\n\t\t\t\t\t\t<div class=\"elementor-element elementor-element-2111799 elementor-align-center elementor-widget elementor-widget-button\" data-id=\"2111799\" data-element_type=\"widget\" data-e-type=\"widget\" data-widget_type=\"button.default\">\n\t\t\t\t<div class=\"elementor-widget-container\">\n\t\t\t\t\t\t\t\t\t<div class=\"elementor-button-wrapper\">\n\t\t\t\t\t<a class=\"elementor-button elementor-button-link elementor-size-sm\" href=\"https:\/\/bestilling.dsgm.dk\/VIPsmagning18\">\n\t\t\t\t\t\t<span class=\"elementor-button-content-wrapper\">\n\t\t\t\t\t\t\t\t\t<span class=\"elementor-button-text\">Buchen Sie 18:00\u201318:30 Uhr<\/span>\n\t\t\t\t\t<\/span>\n\t\t\t\t\t<\/a>\n\t\t\t\t<\/div>\n\t\t\t\t\t\t\t\t<\/div>\n\t\t\t\t<\/div>\n\t\t\t\t\t<\/div>\n\t\t<\/div>\n\t\t\t\t<div class=\"elementor-column elementor-col-33 elementor-top-column elementor-element elementor-element-604bc6d\" data-id=\"604bc6d\" data-element_type=\"column\" data-e-type=\"column\">\n\t\t\t<div class=\"elementor-widget-wrap elementor-element-populated\">\n\t\t\t\t\t\t<div class=\"elementor-element elementor-element-ea17895 elementor-align-center elementor-widget elementor-widget-button\" data-id=\"ea17895\" data-element_type=\"widget\" data-e-type=\"widget\" data-widget_type=\"button.default\">\n\t\t\t\t<div class=\"elementor-widget-container\">\n\t\t\t\t\t\t\t\t\t<div class=\"elementor-button-wrapper\">\n\t\t\t\t\t<a class=\"elementor-button elementor-button-link elementor-size-sm\" href=\"https:\/\/bestilling.dsgm.dk\/VIPsmagning19\">\n\t\t\t\t\t\t<span class=\"elementor-button-content-wrapper\">\n\t\t\t\t\t\t\t\t\t<span class=\"elementor-button-text\">Buchen Sie 19:00\u201319:30<\/span>\n\t\t\t\t\t<\/span>\n\t\t\t\t\t<\/a>\n\t\t\t\t<\/div>\n\t\t\t\t\t\t\t\t<\/div>\n\t\t\t\t<\/div>\n\t\t\t\t\t<\/div>\n\t\t<\/div>\n\t\t\t\t\t<\/div>\n\t\t<\/section>\n\t\t\t\t<section class=\"elementor-section elementor-top-section elementor-element elementor-element-19b728a elementor-section-boxed elementor-section-height-default elementor-section-height-default\" data-id=\"19b728a\" data-element_type=\"section\" data-e-type=\"section\" data-settings=\"{&quot;jet_parallax_layout_list&quot;:[]}\">\n\t\t\t\t\t\t<div class=\"elementor-container elementor-column-gap-default\">\n\t\t\t\t\t<div class=\"elementor-column elementor-col-100 elementor-top-column elementor-element elementor-element-2c67fdb\" data-id=\"2c67fdb\" data-element_type=\"column\" data-e-type=\"column\">\n\t\t\t<div class=\"elementor-widget-wrap elementor-element-populated\">\n\t\t\t\t\t\t<div class=\"elementor-element elementor-element-232d0eb elementor-widget elementor-widget-heading\" data-id=\"232d0eb\" data-element_type=\"widget\" data-e-type=\"widget\" data-widget_type=\"heading.default\">\n\t\t\t\t<div class=\"elementor-widget-container\">\n\t\t\t\t\t<h2 class=\"elementor-heading-title elementor-size-default\">Wichtig zu wissen<\/h2>\t\t\t\t<\/div>\n\t\t\t\t<\/div>\n\t\t\t\t<div class=\"elementor-element elementor-element-1397809 elementor-widget elementor-widget-text-editor\" data-id=\"1397809\" data-element_type=\"widget\" data-e-type=\"widget\" data-widget_type=\"text-editor.default\">\n\t\t\t\t<div class=\"elementor-widget-container\">\n\t\t\t\t\t\t\t\t\t<p data-start=\"814\" data-end=\"921\">Es gibt eine begrenzte Anzahl von Pl\u00e4tzen, und Tickets k\u00f6nnen nicht vor Ort gekauft werden. Gekaufte Tickets sind nicht erstattungsf\u00e4hig.<\/p><p data-start=\"923\" data-end=\"997\">Wenn Sie mit Ihren Freunden zusammensitzen m\u00f6chten, m\u00fcssen die Tickets gemeinsam gebucht werden.<\/p><p data-start=\"999\" data-end=\"1123\" data-is-last-node=\"\" data-is-only-node=\"\">Am Tag kommen Sie einfach im Glaszelt am Torvet. <strong data-start=\"1048\" data-end=\"1081\">15\u201320 Minuten vor der Verkostung<\/strong> in dem Namen, in dem die Tickets gebucht wurden.<\/p>\t\t\t\t\t\t\t\t<\/div>\n\t\t\t\t<\/div>\n\t\t\t\t\t<\/div>\n\t\t<\/div>\n\t\t\t\t\t<\/div>\n\t\t<\/section>\n\t\t\t\t<\/div>","protected":false},"excerpt":{"rendered":"<p>VIP ros\u00e9smagning til Ros\u00e9 Festival Vil du opleve Ros\u00e9 Festivalen p\u00e5 en helt s\u00e6rlig m\u00e5de? Med en VIP ros\u00e9smagning f\u00e5r du en eksklusiv smagsoplevelse i glasteltet p\u00e5 Torvet. Her guider Marius Mortensen dig gennem 3 n\u00f8je udvalgte ros\u00e9vine med sp\u00e6ndende fort\u00e6llinger, smagsnuancer og indsigt i vinens verden. Det er ikke bare et glas vin \u2013 &#8230; <a title=\"Tickets f\u00fcr die VIP-Ros\u00e9-Verkostung 2026\" class=\"read-more\" href=\"https:\/\/www.voresnykobing.dk\/de\/billetter-til-vip-rosesmagning-2026\/\" aria-label=\"Mehr Informationen \u00fcber Billetter til VIP ros\u00e9smagning 2026\">Lesen Sie mehr ...<\/a><\/p>","protected":false},"author":7,"featured_media":0,"parent":0,"menu_order":0,"comment_status":"closed","ping_status":"closed","template":"","meta":{"footnotes":""},"class_list":["post-6635","page","type-page","status-publish"],"yoast_head":"<!-- This site is optimized with the Yoast SEO plugin v27.4 - https:\/\/yoast.com\/product\/yoast-seo-wordpress\/ -->\n<title>Billetter til VIP ros\u00e9smagning 2026 | Vores Nyk\u00f8bing<\/title>\n<meta name=\"robots\" content=\"index, follow, max-snippet:-1, max-image-preview:large, max-video-preview:-1\" \/>\n<link rel=\"canonical\" href=\"https:\/\/www.voresnykobing.dk\/de\/biglietti-per-la-degustazione-di-rose-vip-2026\/\" \/>\n<meta property=\"og:locale\" content=\"de_DE\" \/>\n<meta property=\"og:type\" content=\"article\" \/>\n<meta property=\"og:title\" content=\"Billetter til VIP ros\u00e9smagning 2026 | Vores Nyk\u00f8bing\" \/>\n<meta property=\"og:description\" content=\"VIP ros\u00e9smagning til Ros\u00e9 Festival Vil du opleve Ros\u00e9 Festivalen p\u00e5 en helt s\u00e6rlig m\u00e5de? Med en VIP ros\u00e9smagning f\u00e5r du en eksklusiv smagsoplevelse i glasteltet p\u00e5 Torvet. Her guider Marius Mortensen dig gennem 3 n\u00f8je udvalgte ros\u00e9vine med sp\u00e6ndende fort\u00e6llinger, smagsnuancer og indsigt i vinens verden. Det er ikke bare et glas vin \u2013 ... Weiterlesen ...\" \/>\n<meta property=\"og:url\" content=\"https:\/\/www.voresnykobing.dk\/de\/biglietti-per-la-degustazione-di-rose-vip-2026\/\" \/>\n<meta property=\"og:site_name\" content=\"Vores Nyk\u00f8bing\" \/>\n<meta property=\"article:publisher\" content=\"https:\/\/www.facebook.com\/voresnykobing\" \/>\n<meta property=\"article:modified_time\" content=\"2026-05-05T10:59:12+00:00\" \/>\n<meta name=\"twitter:card\" content=\"summary_large_image\" \/>\n<meta name=\"twitter:label1\" content=\"Gesch\u00e4tzte Lesezeit\" \/>\n\t<meta name=\"twitter:data1\" content=\"1\u00a0Minute\" \/>\n<script type=\"application\/ld+json\" class=\"yoast-schema-graph\">{\"@context\":\"https:\\\/\\\/schema.org\",\"@graph\":[{\"@type\":\"WebPage\",\"@id\":\"https:\\\/\\\/www.voresnykobing.dk\\\/billetter-til-vip-rosesmagning-2026\\\/\",\"url\":\"https:\\\/\\\/www.voresnykobing.dk\\\/billetter-til-vip-rosesmagning-2026\\\/\",\"name\":\"Billetter til VIP ros\u00e9smagning 2026 | Vores Nyk\u00f8bing\",\"isPartOf\":{\"@id\":\"https:\\\/\\\/www.voresnykobing.dk\\\/#website\"},\"datePublished\":\"2026-05-05T10:50:16+00:00\",\"dateModified\":\"2026-05-05T10:59:12+00:00\",\"breadcrumb\":{\"@id\":\"https:\\\/\\\/www.voresnykobing.dk\\\/billetter-til-vip-rosesmagning-2026\\\/#breadcrumb\"},\"inLanguage\":\"de\",\"potentialAction\":[{\"@type\":\"ReadAction\",\"target\":[\"https:\\\/\\\/www.voresnykobing.dk\\\/billetter-til-vip-rosesmagning-2026\\\/\"]}]},{\"@type\":\"BreadcrumbList\",\"@id\":\"https:\\\/\\\/www.voresnykobing.dk\\\/billetter-til-vip-rosesmagning-2026\\\/#breadcrumb\",\"itemListElement\":[{\"@type\":\"ListItem\",\"position\":1,\"name\":\"Hjem\",\"item\":\"https:\\\/\\\/www.voresnykobing.dk\\\/\"},{\"@type\":\"ListItem\",\"position\":2,\"name\":\"Billetter til VIP ros\u00e9smagning 2026\"}]},{\"@type\":\"WebSite\",\"@id\":\"https:\\\/\\\/www.voresnykobing.dk\\\/#website\",\"url\":\"https:\\\/\\\/www.voresnykobing.dk\\\/\",\"name\":\"Vores Nyk\u00f8bing\",\"description\":\"Shopping og butikker i Nyk\u00f8bing F\",\"publisher\":{\"@id\":\"https:\\\/\\\/www.voresnykobing.dk\\\/#organization\"},\"potentialAction\":[{\"@type\":\"SearchAction\",\"target\":{\"@type\":\"EntryPoint\",\"urlTemplate\":\"https:\\\/\\\/www.voresnykobing.dk\\\/?s={search_term_string}\"},\"query-input\":{\"@type\":\"PropertyValueSpecification\",\"valueRequired\":true,\"valueName\":\"search_term_string\"}}],\"inLanguage\":\"de\"},{\"@type\":\"Organization\",\"@id\":\"https:\\\/\\\/www.voresnykobing.dk\\\/#organization\",\"name\":\"Vores Nyk\u00f8bing\",\"url\":\"https:\\\/\\\/www.voresnykobing.dk\\\/\",\"logo\":{\"@type\":\"ImageObject\",\"inLanguage\":\"de\",\"@id\":\"https:\\\/\\\/www.voresnykobing.dk\\\/#\\\/schema\\\/logo\\\/image\\\/\",\"url\":\"https:\\\/\\\/www.voresnykobing.dk\\\/wp-content\\\/uploads\\\/2020\\\/06\\\/voresnyk-logo-2.png\",\"contentUrl\":\"https:\\\/\\\/www.voresnykobing.dk\\\/wp-content\\\/uploads\\\/2020\\\/06\\\/voresnyk-logo-2.png\",\"width\":209,\"height\":230,\"caption\":\"Vores Nyk\u00f8bing\"},\"image\":{\"@id\":\"https:\\\/\\\/www.voresnykobing.dk\\\/#\\\/schema\\\/logo\\\/image\\\/\"},\"sameAs\":[\"https:\\\/\\\/www.facebook.com\\\/voresnykobing\"]}]}<\/script>\n<!-- \/ Yoast SEO plugin. -->","yoast_head_json":{"title":"Tickets f\u00fcr die VIP Ros\u00e9-Verkostung 2026 | Vores Nyk\u00f8bing","robots":{"index":"index","follow":"follow","max-snippet":"max-snippet:-1","max-image-preview":"max-image-preview:large","max-video-preview":"max-video-preview:-1"},"canonical":"https:\/\/www.voresnykobing.dk\/de\/biglietti-per-la-degustazione-di-rose-vip-2026\/","og_locale":"de_DE","og_type":"article","og_title":"Billetter til VIP ros\u00e9smagning 2026 | Vores Nyk\u00f8bing","og_description":"VIP ros\u00e9smagning til Ros\u00e9 Festival Vil du opleve Ros\u00e9 Festivalen p\u00e5 en helt s\u00e6rlig m\u00e5de? Med en VIP ros\u00e9smagning f\u00e5r du en eksklusiv smagsoplevelse i glasteltet p\u00e5 Torvet. Her guider Marius Mortensen dig gennem 3 n\u00f8je udvalgte ros\u00e9vine med sp\u00e6ndende fort\u00e6llinger, smagsnuancer og indsigt i vinens verden. Det er ikke bare et glas vin \u2013 ... Weiterlesen ...","og_url":"https:\/\/www.voresnykobing.dk\/de\/biglietti-per-la-degustazione-di-rose-vip-2026\/","og_site_name":"Vores Nyk\u00f8bing","article_publisher":"https:\/\/www.facebook.com\/voresnykobing","article_modified_time":"2026-05-05T10:59:12+00:00","twitter_card":"summary_large_image","twitter_misc":{"Gesch\u00e4tzte Lesezeit":"1\u00a0Minute"},"schema":{"@context":"https:\/\/schema.org","@graph":[{"@type":"WebPage","@id":"https:\/\/www.voresnykobing.dk\/billetter-til-vip-rosesmagning-2026\/","url":"https:\/\/www.voresnykobing.dk\/billetter-til-vip-rosesmagning-2026\/","name":"Tickets f\u00fcr die VIP Ros\u00e9-Verkostung 2026 | Vores Nyk\u00f8bing","isPartOf":{"@id":"https:\/\/www.voresnykobing.dk\/#website"},"datePublished":"2026-05-05T10:50:16+00:00","dateModified":"2026-05-05T10:59:12+00:00","breadcrumb":{"@id":"https:\/\/www.voresnykobing.dk\/billetter-til-vip-rosesmagning-2026\/#breadcrumb"},"inLanguage":"de","potentialAction":[{"@type":"ReadAction","target":["https:\/\/www.voresnykobing.dk\/billetter-til-vip-rosesmagning-2026\/"]}]},{"@type":"BreadcrumbList","@id":"https:\/\/www.voresnykobing.dk\/billetter-til-vip-rosesmagning-2026\/#breadcrumb","itemListElement":[{"@type":"ListItem","position":1,"name":"Hjem","item":"https:\/\/www.voresnykobing.dk\/"},{"@type":"ListItem","position":2,"name":"Billetter til VIP ros\u00e9smagning 2026"}]},{"@type":"WebSite","@id":"https:\/\/www.voresnykobing.dk\/#website","url":"https:\/\/www.voresnykobing.dk\/","name":"Unser Nyk\u00f8bing","description":"Einkaufen und Gesch\u00e4fte in Nyk\u00f8bing F","publisher":{"@id":"https:\/\/www.voresnykobing.dk\/#organization"},"potentialAction":[{"@type":"SearchAction","target":{"@type":"EntryPoint","urlTemplate":"https:\/\/www.voresnykobing.dk\/?s={search_term_string}"},"query-input":{"@type":"PropertyValueSpecification","valueRequired":true,"valueName":"search_term_string"}}],"inLanguage":"de"},{"@type":"Organization","@id":"https:\/\/www.voresnykobing.dk\/#organization","name":"Unser Nyk\u00f8bing","url":"https:\/\/www.voresnykobing.dk\/","logo":{"@type":"ImageObject","inLanguage":"de","@id":"https:\/\/www.voresnykobing.dk\/#\/schema\/logo\/image\/","url":"https:\/\/www.voresnykobing.dk\/wp-content\/uploads\/2020\/06\/voresnyk-logo-2.png","contentUrl":"https:\/\/www.voresnykobing.dk\/wp-content\/uploads\/2020\/06\/voresnyk-logo-2.png","width":209,"height":230,"caption":"Vores Nyk\u00f8bing"},"image":{"@id":"https:\/\/www.voresnykobing.dk\/#\/schema\/logo\/image\/"},"sameAs":["https:\/\/www.facebook.com\/voresnykobing"]}]}},"_links":{"self":[{"href":"https:\/\/www.voresnykobing.dk\/de\/wp-json\/wp\/v2\/pages\/6635","targetHints":{"allow":["GET"]}}],"collection":[{"href":"https:\/\/www.voresnykobing.dk\/de\/wp-json\/wp\/v2\/pages"}],"about":[{"href":"https:\/\/www.voresnykobing.dk\/de\/wp-json\/wp\/v2\/types\/page"}],"author":[{"embeddable":true,"href":"https:\/\/www.voresnykobing.dk\/de\/wp-json\/wp\/v2\/users\/7"}],"replies":[{"embeddable":true,"href":"https:\/\/www.voresnykobing.dk\/de\/wp-json\/wp\/v2\/comments?post=6635"}],"version-history":[{"count":3,"href":"https:\/\/www.voresnykobing.dk\/de\/wp-json\/wp\/v2\/pages\/6635\/revisions"}],"predecessor-version":[{"id":6653,"href":"https:\/\/www.voresnykobing.dk\/de\/wp-json\/wp\/v2\/pages\/6635\/revisions\/6653"}],"wp:attachment":[{"href":"https:\/\/www.voresnykobing.dk\/de\/wp-json\/wp\/v2\/media?parent=6635"}],"curies":[{"name":"wp","href":"https:\/\/api.w.org\/{rel}","templated":true}]}}