{"id":6664,"date":"2026-05-11T08:33:23","date_gmt":"2026-05-11T06:33:23","guid":{"rendered":"https:\/\/www.voresnykobing.dk\/?page_id=6664"},"modified":"2026-05-11T08:35:02","modified_gmt":"2026-05-11T06:35:02","slug":"indkaldelse-til-ordinaer-generalforsamling-2026","status":"publish","type":"page","link":"https:\/\/www.voresnykobing.dk\/de\/indkaldelse-til-ordinaer-generalforsamling-2026\/","title":{"rendered":"Einladung zur ordentlichen Hauptversammlung 2026"},"content":{"rendered":"<div data-elementor-type=\"wp-page\" data-elementor-id=\"6664\" class=\"elementor elementor-6664\" data-elementor-post-type=\"page\">\n\t\t\t\t\t\t<section class=\"elementor-section elementor-top-section elementor-element elementor-element-0afc2cf elementor-section-boxed elementor-section-height-default elementor-section-height-default\" data-id=\"0afc2cf\" data-element_type=\"section\" data-e-type=\"section\" data-settings=\"{&quot;jet_parallax_layout_list&quot;:[]}\">\n\t\t\t\t\t\t<div class=\"elementor-container elementor-column-gap-default\">\n\t\t\t\t\t<div class=\"elementor-column elementor-col-100 elementor-top-column elementor-element elementor-element-b1909e9\" data-id=\"b1909e9\" data-element_type=\"column\" data-e-type=\"column\">\n\t\t\t<div class=\"elementor-widget-wrap elementor-element-populated\">\n\t\t\t\t\t\t<div class=\"elementor-element elementor-element-9f2cef9 elementor-widget elementor-widget-heading\" data-id=\"9f2cef9\" data-element_type=\"widget\" data-e-type=\"widget\" data-widget_type=\"heading.default\">\n\t\t\t\t<div class=\"elementor-widget-container\">\n\t\t\t\t\t<h2 class=\"elementor-heading-title elementor-size-default\">Indkaldelse til ordin\u00e6r generalforsamling i\nforeningen Vores Nyk\u00f8bing <\/h2>\t\t\t\t<\/div>\n\t\t\t\t<\/div>\n\t\t\t\t<div class=\"elementor-element elementor-element-43b7eba elementor-widget elementor-widget-text-editor\" data-id=\"43b7eba\" data-element_type=\"widget\" data-e-type=\"widget\" data-widget_type=\"text-editor.default\">\n\t\t\t\t<div class=\"elementor-widget-container\">\n\t\t\t\t\t\t\t\t\t<p>Vores Nyk\u00f8bing afholder ordin\u00e6r generalforsamling:<br \/>Torsdag den 28. maj 2026 kl. 18.00 hos Hotel Falster, Stubbek\u00f8bingvej 150 , 4800 Nyk\u00f8bing Falster.<\/p>\t\t\t\t\t\t\t\t<\/div>\n\t\t\t\t<\/div>\n\t\t\t\t\t<\/div>\n\t\t<\/div>\n\t\t\t\t\t<\/div>\n\t\t<\/section>\n\t\t\t\t<section class=\"elementor-section elementor-top-section elementor-element elementor-element-c1511a3 elementor-section-boxed elementor-section-height-default elementor-section-height-default\" data-id=\"c1511a3\" data-element_type=\"section\" data-e-type=\"section\" data-settings=\"{&quot;jet_parallax_layout_list&quot;:[]}\">\n\t\t\t\t\t\t<div class=\"elementor-container elementor-column-gap-default\">\n\t\t\t\t\t<div class=\"elementor-column elementor-col-100 elementor-top-column elementor-element elementor-element-b95935b\" data-id=\"b95935b\" data-element_type=\"column\" data-e-type=\"column\" data-settings=\"{&quot;background_background&quot;:&quot;classic&quot;}\">\n\t\t\t<div class=\"elementor-widget-wrap elementor-element-populated\">\n\t\t\t\t\t\t<div class=\"elementor-element elementor-element-d5c6bf9 elementor-widget elementor-widget-text-editor\" data-id=\"d5c6bf9\" data-element_type=\"widget\" data-e-type=\"widget\" data-widget_type=\"text-editor.default\">\n\t\t\t\t<div class=\"elementor-widget-container\">\n\t\t\t\t\t\t\t\t\t\n Kl. 18.00 Ordin\u00e6r generalforsamling med f\u00f8lgende dagsorden: <br> <br>\n<strong>Dagsorden<\/strong> <br>\n<ul>\n 1. Valg af dirigent <br>\n2. Bestyrelsens beretning om foreningens virksomhed i det forl\u00f8bne \u00e5r <br>\n3. Freml\u00e6ggelse af revideret \u00e5rsrapport til godkendelse <br>\n4. Forel\u00e6ggelse af budget til orientering <br>\n5. Indkomne forslag <br>\n6. Godkendelse af kontingent <br>\n7. Valg af bestyrelsesmedlemmer\nP\u00e5 valg er: <br>\n&#8211; Jan Koch (villig til genvalg)\n&#8211; Morten Ammentorp (villig til genvalg) <br>\n&#8211; Alice Fjelds\u00f8e S\u00f8rensen (villig til genvalg) <br>\n&#8211; Nikolaj Friederichsen (Genopstiller ikke) <br>\n8. Valg af suppleanter til bestyrelsen <br>\n9. Valg af revisor <br>\n10.Eventuelt <br>\n<\/ul>\nKl. 19.00 Nyt fra Guldborgsund Kommune <br>\nKl. 19.15 Pr\u00e6sentation af ny samarbejdsaftale med GF-Forsikring <br>\nKl. 19.30 F\u00e6llesspisning<\/li>\n<\/ol>\t\t\t\t\t\t\t\t<\/div>\n\t\t\t\t<\/div>\n\t\t\t\t\t<\/div>\n\t\t<\/div>\n\t\t\t\t\t<\/div>\n\t\t<\/section>\n\t\t\t\t<section class=\"elementor-section elementor-top-section elementor-element elementor-element-28dbf4e elementor-section-boxed elementor-section-height-default elementor-section-height-default\" data-id=\"28dbf4e\" data-element_type=\"section\" data-e-type=\"section\" data-settings=\"{&quot;jet_parallax_layout_list&quot;:[]}\">\n\t\t\t\t\t\t<div class=\"elementor-container elementor-column-gap-default\">\n\t\t\t\t\t<div class=\"elementor-column elementor-col-100 elementor-top-column elementor-element elementor-element-03b4f66\" data-id=\"03b4f66\" data-element_type=\"column\" data-e-type=\"column\">\n\t\t\t<div class=\"elementor-widget-wrap elementor-element-populated\">\n\t\t\t\t\t\t<div class=\"elementor-element elementor-element-4f98be8 elementor-widget elementor-widget-text-editor\" data-id=\"4f98be8\" data-element_type=\"widget\" data-e-type=\"widget\" data-widget_type=\"text-editor.default\">\n\t\t\t\t<div class=\"elementor-widget-container\">\n\t\t\t\t\t\t\t\t\t<p>Eventuelle forslag, som \u00f8nskes behandlet af generalforsamlingen, skal v\u00e6re bestyrelsen i h\u00e6nde senest 2 uger<br \/>inden generalforsamlingen.<\/p><p><br \/>Vanen tro slutter aftenen med f\u00e6llesspisning og det skal bem\u00e6rkes, at der er max. 2 pladser pr. medlemsvirksomhed<br \/>til denne spisningen.<\/p><p><br \/>Af hensyn til bestilling af mad bedes tilmelding sendes p\u00e5 mail til: <a href=\"mailto:aa@voresnykobing.dk\">aa@voresnykobing.dk<\/a> eller p\u00e5 medsendte link i<br \/>indkaldelsen senest fredag den 22. maj 2026.<\/p><p><br \/>P\u00e5 Vores Nyk\u00f8bings kontor ligger \u00e5rsregnskabet til r\u00e5dighed for gennemsyn frem til generalforsamlingen.<\/p><p><br \/>P\u00e5 bestyrelsens vegne<\/p><p><br \/>Jan Koch<br \/>Vorsitzender des Verwaltungsrats<\/p>\t\t\t\t\t\t\t\t<\/div>\n\t\t\t\t<\/div>\n\t\t\t\t\t<\/div>\n\t\t<\/div>\n\t\t\t\t\t<\/div>\n\t\t<\/section>\n\t\t\t\t<\/div>","protected":false},"excerpt":{"rendered":"<p>Indkaldelse til ordin\u00e6r generalforsamling i foreningen Vores Nyk\u00f8bing Vores Nyk\u00f8bing afholder ordin\u00e6r generalforsamling:Torsdag den 28. maj 2026 kl. 18.00 hos Hotel Falster, Stubbek\u00f8bingvej 150 , 4800 Nyk\u00f8bing Falster. Kl. 18.00 Ordin\u00e6r generalforsamling med f\u00f8lgende dagsorden: Dagsorden 1. Valg af dirigent 2. Bestyrelsens beretning om foreningens virksomhed i det forl\u00f8bne \u00e5r 3. Freml\u00e6ggelse af revideret \u00e5rsrapport &#8230; <a title=\"Einladung zur ordentlichen Hauptversammlung 2026\" class=\"read-more\" href=\"https:\/\/www.voresnykobing.dk\/de\/indkaldelse-til-ordinaer-generalforsamling-2026\/\" aria-label=\"Mehr Informationen \u00fcber Indkaldelse til ordin\u00e6r generalforsamling 2026\">Lesen Sie mehr ...<\/a><\/p>","protected":false},"author":7,"featured_media":0,"parent":0,"menu_order":0,"comment_status":"closed","ping_status":"closed","template":"","meta":{"footnotes":""},"class_list":["post-6664","page","type-page","status-publish"],"yoast_head":"<!-- This site is optimized with the Yoast SEO plugin v27.4 - https:\/\/yoast.com\/product\/yoast-seo-wordpress\/ -->\n<title>Indkaldelse til ordin\u00e6r generalforsamling 2026 | Vores Nyk\u00f8bing<\/title>\n<meta name=\"robots\" content=\"index, follow, max-snippet:-1, max-image-preview:large, max-video-preview:-1\" \/>\n<link rel=\"canonical\" href=\"https:\/\/www.voresnykobing.dk\/de\/indkaldelse-til-ordinaer-generalforsamling-2026\/\" \/>\n<meta property=\"og:locale\" content=\"de_DE\" \/>\n<meta property=\"og:type\" content=\"article\" \/>\n<meta property=\"og:title\" content=\"Indkaldelse til ordin\u00e6r generalforsamling 2026 | Vores Nyk\u00f8bing\" \/>\n<meta property=\"og:description\" content=\"Indkaldelse til ordin\u00e6r generalforsamling i foreningen Vores Nyk\u00f8bing Vores Nyk\u00f8bing afholder ordin\u00e6r generalforsamling:Torsdag den 28. maj 2026 kl. 18.00 hos Hotel Falster, Stubbek\u00f8bingvej 150 , 4800 Nyk\u00f8bing Falster. Kl. 18.00 Ordin\u00e6r generalforsamling med f\u00f8lgende dagsorden: Dagsorden 1. Valg af dirigent 2. Bestyrelsens beretning om foreningens virksomhed i det forl\u00f8bne \u00e5r 3. Freml\u00e6ggelse af revideret \u00e5rsrapport ... Weiterlesen ...\" \/>\n<meta property=\"og:url\" content=\"https:\/\/www.voresnykobing.dk\/de\/indkaldelse-til-ordinaer-generalforsamling-2026\/\" \/>\n<meta property=\"og:site_name\" content=\"Vores Nyk\u00f8bing\" \/>\n<meta property=\"article:publisher\" content=\"https:\/\/www.facebook.com\/voresnykobing\" \/>\n<meta property=\"article:modified_time\" content=\"2026-05-11T06:35:02+00:00\" \/>\n<meta name=\"twitter:card\" content=\"summary_large_image\" \/>\n<meta name=\"twitter:label1\" content=\"Gesch\u00e4tzte Lesezeit\" \/>\n\t<meta name=\"twitter:data1\" content=\"2\u00a0Minuten\" \/>\n<script type=\"application\/ld+json\" class=\"yoast-schema-graph\">{\"@context\":\"https:\\\/\\\/schema.org\",\"@graph\":[{\"@type\":\"WebPage\",\"@id\":\"https:\\\/\\\/www.voresnykobing.dk\\\/indkaldelse-til-ordinaer-generalforsamling-2026\\\/\",\"url\":\"https:\\\/\\\/www.voresnykobing.dk\\\/indkaldelse-til-ordinaer-generalforsamling-2026\\\/\",\"name\":\"Indkaldelse til ordin\u00e6r generalforsamling 2026 | Vores Nyk\u00f8bing\",\"isPartOf\":{\"@id\":\"https:\\\/\\\/www.voresnykobing.dk\\\/#website\"},\"datePublished\":\"2026-05-11T06:33:23+00:00\",\"dateModified\":\"2026-05-11T06:35:02+00:00\",\"breadcrumb\":{\"@id\":\"https:\\\/\\\/www.voresnykobing.dk\\\/indkaldelse-til-ordinaer-generalforsamling-2026\\\/#breadcrumb\"},\"inLanguage\":\"de\",\"potentialAction\":[{\"@type\":\"ReadAction\",\"target\":[\"https:\\\/\\\/www.voresnykobing.dk\\\/indkaldelse-til-ordinaer-generalforsamling-2026\\\/\"]}]},{\"@type\":\"BreadcrumbList\",\"@id\":\"https:\\\/\\\/www.voresnykobing.dk\\\/indkaldelse-til-ordinaer-generalforsamling-2026\\\/#breadcrumb\",\"itemListElement\":[{\"@type\":\"ListItem\",\"position\":1,\"name\":\"Hjem\",\"item\":\"https:\\\/\\\/www.voresnykobing.dk\\\/\"},{\"@type\":\"ListItem\",\"position\":2,\"name\":\"Indkaldelse til ordin\u00e6r generalforsamling 2026\"}]},{\"@type\":\"WebSite\",\"@id\":\"https:\\\/\\\/www.voresnykobing.dk\\\/#website\",\"url\":\"https:\\\/\\\/www.voresnykobing.dk\\\/\",\"name\":\"Vores Nyk\u00f8bing\",\"description\":\"Shopping og butikker i Nyk\u00f8bing F\",\"publisher\":{\"@id\":\"https:\\\/\\\/www.voresnykobing.dk\\\/#organization\"},\"potentialAction\":[{\"@type\":\"SearchAction\",\"target\":{\"@type\":\"EntryPoint\",\"urlTemplate\":\"https:\\\/\\\/www.voresnykobing.dk\\\/?s={search_term_string}\"},\"query-input\":{\"@type\":\"PropertyValueSpecification\",\"valueRequired\":true,\"valueName\":\"search_term_string\"}}],\"inLanguage\":\"de\"},{\"@type\":\"Organization\",\"@id\":\"https:\\\/\\\/www.voresnykobing.dk\\\/#organization\",\"name\":\"Vores Nyk\u00f8bing\",\"url\":\"https:\\\/\\\/www.voresnykobing.dk\\\/\",\"logo\":{\"@type\":\"ImageObject\",\"inLanguage\":\"de\",\"@id\":\"https:\\\/\\\/www.voresnykobing.dk\\\/#\\\/schema\\\/logo\\\/image\\\/\",\"url\":\"https:\\\/\\\/www.voresnykobing.dk\\\/wp-content\\\/uploads\\\/2020\\\/06\\\/voresnyk-logo-2.png\",\"contentUrl\":\"https:\\\/\\\/www.voresnykobing.dk\\\/wp-content\\\/uploads\\\/2020\\\/06\\\/voresnyk-logo-2.png\",\"width\":209,\"height\":230,\"caption\":\"Vores Nyk\u00f8bing\"},\"image\":{\"@id\":\"https:\\\/\\\/www.voresnykobing.dk\\\/#\\\/schema\\\/logo\\\/image\\\/\"},\"sameAs\":[\"https:\\\/\\\/www.facebook.com\\\/voresnykobing\"]}]}<\/script>\n<!-- \/ Yoast SEO plugin. -->","yoast_head_json":{"title":"Indkaldelse til ordin\u00e6r generalforsamling 2026 | Vores Nyk\u00f8bing","robots":{"index":"index","follow":"follow","max-snippet":"max-snippet:-1","max-image-preview":"max-image-preview:large","max-video-preview":"max-video-preview:-1"},"canonical":"https:\/\/www.voresnykobing.dk\/de\/indkaldelse-til-ordinaer-generalforsamling-2026\/","og_locale":"de_DE","og_type":"article","og_title":"Indkaldelse til ordin\u00e6r generalforsamling 2026 | Vores Nyk\u00f8bing","og_description":"Indkaldelse til ordin\u00e6r generalforsamling i foreningen Vores Nyk\u00f8bing Vores Nyk\u00f8bing afholder ordin\u00e6r generalforsamling:Torsdag den 28. maj 2026 kl. 18.00 hos Hotel Falster, Stubbek\u00f8bingvej 150 , 4800 Nyk\u00f8bing Falster. Kl. 18.00 Ordin\u00e6r generalforsamling med f\u00f8lgende dagsorden: Dagsorden 1. Valg af dirigent 2. Bestyrelsens beretning om foreningens virksomhed i det forl\u00f8bne \u00e5r 3. Freml\u00e6ggelse af revideret \u00e5rsrapport ... Weiterlesen ...","og_url":"https:\/\/www.voresnykobing.dk\/de\/indkaldelse-til-ordinaer-generalforsamling-2026\/","og_site_name":"Vores Nyk\u00f8bing","article_publisher":"https:\/\/www.facebook.com\/voresnykobing","article_modified_time":"2026-05-11T06:35:02+00:00","twitter_card":"summary_large_image","twitter_misc":{"Gesch\u00e4tzte Lesezeit":"2\u00a0Minuten"},"schema":{"@context":"https:\/\/schema.org","@graph":[{"@type":"WebPage","@id":"https:\/\/www.voresnykobing.dk\/indkaldelse-til-ordinaer-generalforsamling-2026\/","url":"https:\/\/www.voresnykobing.dk\/indkaldelse-til-ordinaer-generalforsamling-2026\/","name":"Indkaldelse til ordin\u00e6r generalforsamling 2026 | Vores Nyk\u00f8bing","isPartOf":{"@id":"https:\/\/www.voresnykobing.dk\/#website"},"datePublished":"2026-05-11T06:33:23+00:00","dateModified":"2026-05-11T06:35:02+00:00","breadcrumb":{"@id":"https:\/\/www.voresnykobing.dk\/indkaldelse-til-ordinaer-generalforsamling-2026\/#breadcrumb"},"inLanguage":"de","potentialAction":[{"@type":"ReadAction","target":["https:\/\/www.voresnykobing.dk\/indkaldelse-til-ordinaer-generalforsamling-2026\/"]}]},{"@type":"BreadcrumbList","@id":"https:\/\/www.voresnykobing.dk\/indkaldelse-til-ordinaer-generalforsamling-2026\/#breadcrumb","itemListElement":[{"@type":"ListItem","position":1,"name":"Hjem","item":"https:\/\/www.voresnykobing.dk\/"},{"@type":"ListItem","position":2,"name":"Indkaldelse til ordin\u00e6r generalforsamling 2026"}]},{"@type":"WebSite","@id":"https:\/\/www.voresnykobing.dk\/#website","url":"https:\/\/www.voresnykobing.dk\/","name":"Unser Nyk\u00f8bing","description":"Einkaufen und Gesch\u00e4fte in Nyk\u00f8bing F","publisher":{"@id":"https:\/\/www.voresnykobing.dk\/#organization"},"potentialAction":[{"@type":"SearchAction","target":{"@type":"EntryPoint","urlTemplate":"https:\/\/www.voresnykobing.dk\/?s={search_term_string}"},"query-input":{"@type":"PropertyValueSpecification","valueRequired":true,"valueName":"search_term_string"}}],"inLanguage":"de"},{"@type":"Organization","@id":"https:\/\/www.voresnykobing.dk\/#organization","name":"Unser Nyk\u00f8bing","url":"https:\/\/www.voresnykobing.dk\/","logo":{"@type":"ImageObject","inLanguage":"de","@id":"https:\/\/www.voresnykobing.dk\/#\/schema\/logo\/image\/","url":"https:\/\/www.voresnykobing.dk\/wp-content\/uploads\/2020\/06\/voresnyk-logo-2.png","contentUrl":"https:\/\/www.voresnykobing.dk\/wp-content\/uploads\/2020\/06\/voresnyk-logo-2.png","width":209,"height":230,"caption":"Vores Nyk\u00f8bing"},"image":{"@id":"https:\/\/www.voresnykobing.dk\/#\/schema\/logo\/image\/"},"sameAs":["https:\/\/www.facebook.com\/voresnykobing"]}]}},"_links":{"self":[{"href":"https:\/\/www.voresnykobing.dk\/de\/wp-json\/wp\/v2\/pages\/6664","targetHints":{"allow":["GET"]}}],"collection":[{"href":"https:\/\/www.voresnykobing.dk\/de\/wp-json\/wp\/v2\/pages"}],"about":[{"href":"https:\/\/www.voresnykobing.dk\/de\/wp-json\/wp\/v2\/types\/page"}],"author":[{"embeddable":true,"href":"https:\/\/www.voresnykobing.dk\/de\/wp-json\/wp\/v2\/users\/7"}],"replies":[{"embeddable":true,"href":"https:\/\/www.voresnykobing.dk\/de\/wp-json\/wp\/v2\/comments?post=6664"}],"version-history":[{"count":3,"href":"https:\/\/www.voresnykobing.dk\/de\/wp-json\/wp\/v2\/pages\/6664\/revisions"}],"predecessor-version":[{"id":6670,"href":"https:\/\/www.voresnykobing.dk\/de\/wp-json\/wp\/v2\/pages\/6664\/revisions\/6670"}],"wp:attachment":[{"href":"https:\/\/www.voresnykobing.dk\/de\/wp-json\/wp\/v2\/media?parent=6664"}],"curies":[{"name":"wp","href":"https:\/\/api.w.org\/{rel}","templated":true}]}}