{"id":4054,"date":"2020-10-13T15:10:27","date_gmt":"2020-10-13T13:10:27","guid":{"rendered":"http:\/\/94.231.104.203\/~voresnykobing\/?page_id=4054"},"modified":"2020-10-13T15:10:27","modified_gmt":"2020-10-13T13:10:27","slug":"personal-data-and-cookie-policy","status":"publish","type":"page","link":"https:\/\/www.voresnykobing.dk\/en\/persondata-og-cookiepolitik\/","title":{"rendered":"Privacy and cookie policy"},"content":{"rendered":"<p><strong>PRIVACY AND COOKIE POLICY<\/strong><\/p>\n<p><strong>What data does www.voresnykobing.dk collect about you?<\/strong><br \/>\nWhen you visit our website, we collect your IP address and data about your operating system, your mobile device, your internet browser and your activities on the site, e.g. which pages you view, your searches etc. If you sign up for our newsletter, we collect your name and email address.<\/p>\n<p><strong>How do we use your data?<\/strong><br \/>\nWe use data about you to create a profile of you, provide you with targeted marketing to the extent that we run campaigns, prevent irregularities and optimise our website. According to Article 6 of the GDPR, we may process your data if:<\/p>\n<p><strong>a)<\/strong>you have consented to this, signed up for our newsletter and\/or accepted cookies<br \/>\n<strong><em>b)<\/em>\u202f<\/strong>it is done to fulfil an agreement with you, or<br \/>\n<strong><em>c)<\/em><\/strong><em>vi<\/em>\u00a0have a legitimate interest in improving and administering our services and your consent etc. and this interest outweighs any inconvenience to you.<\/p>\n<p>If you withdraw your consent, our processing of your data will only continue if it is necessary to fulfil an agreement with you or can be based on a balance of interests.<\/p>\n<p><strong>Who gets access to your data?<\/strong><br \/>\nSuppliers and third parties working for us may have access to your data, but may only use it to fulfil the tasks we ask them to do and within the purposes we have mentioned above. This could be companies that help us with IT and customer support, for example.<\/p>\n<p><strong>How long do we store data?<\/strong><br \/>\nWe store your data for as long as you use our services. Storage is necessary to fulfil the purposes we have mentioned or other legitimate purposes and obligations such as being able to document our processing. If you withdraw your consent, we will delete your data unless our processing can continue on another processing basis. Normally, we delete your data no later than \u00bd year after the purpose of the storage has ceased, however, data about your online behaviour is stored in Google Analytics for up to 26 months and will then be automatically deleted. We have ensured an adequate and high level of protection of your data and rights.<\/p>\n<p><strong>Your rights<\/strong><br \/>\nYou can gain insight into the data we process about you and demand that the data be rectified or deleted or that our use of it be restricted. If you rightfully object to our processing, we may no longer process your data. In some cases, you may have data you have provided to us disclosed or sent to a third party. If you have given us your consent to receive marketing material etc. you can revoke this at any time via lr@voresnykobing.dk<\/p>\n<p><strong>Contact and complaints<\/strong><br \/>\n<a href=\"http:\/\/www.voresnykobing.dks\">www.voresnykobing.dks<\/a> The DPO is Louise R\u00fctzou and can be contacted at lr@voresnykobing.dk, by phone +45 6015 4873 or by letter Frankrigsvej 7, 4800 Nyk\u00f8bing Falster. You can also complain about our data processing to the Danish Data Protection Agency, Borgergade 28, 5, 1300 Copenhagen\u00a0<a href=\"mailto:K,%E2%80%AFdt@datatilsynet.dk\">K,<strong>dt@datatilsynet.dk<\/strong><\/a>.<\/p>\n<p><strong>Changes<\/strong><br \/>\nOur privacy policy is subject to change, but will always be available on our website. If we change our privacy policy and it affects the processing of data about you, we will inform you accordingly.<\/p>\n<p><strong>USE OF COOKIES<\/strong><strong>\u00a0<\/strong><\/p>\n<p>When you visit\u00a0<a href=\"http:\/\/www.voresnykobing.dk\/en\/\">www.voresnykobing.dk<\/a>Your internet browser exchanges information with our servers and in doing so you leave electronic traces - also known as COOKIES. These cookies contain, for example, information about:<\/p>\n<ul>\n<li>Which pages you have viewed with us, when and for how long<\/li>\n<li>which internet browsers you use<\/li>\n<li>What screen resolution you have<\/li>\n<li>Which operating system you use<\/li>\n<li>which device you visit the website with (computer, tablet or mobile)<\/li>\n<li>which other website you came from<\/li>\n<\/ul>\n<p><strong>What is a cookie?<\/strong><\/p>\n<p>A cookie is a small data file that makes it possible to store information or access already stored information on the user's PC, smartphone, tablet or similar for the purpose of collecting data about the user.\u00a0<a href=\"https:\/\/erhvervsstyrelsen.dk\/hvad-er-cookies\">Read more here<\/a><\/p>\n<p>You can read more about the cookie regulation at\u00a0<a href=\"http:\/\/erhvervsstyrelsen.dk\/cookies\">The Danish Business Authority's website.<\/a><\/p>\n<p><strong>Cookies from Google Analytics<\/strong><\/p>\n<p>On<a href=\"http:\/\/www.voresnykobing.dk\/en\/\">www.voresnykobing.dk<\/a>\u00a0we primarily use cookies from the statistics programme Google Analytics to collect statistical information about the use of the website.<\/p>\n<p><a href=\"https:\/\/tools.google.com\/dlpage\/gaoptout\">Opt out of cookies from Google Analytics here<\/a><\/p>\n<p><strong>Your acceptance<\/strong><\/p>\n<p>When you first visit<a href=\"http:\/\/www.voresnykobing.dk\/en\/\">www.voresnykobing.dk<\/a>\u00a0you will be informed about our use of cookies, and you have the option to opt out of all non-technically necessary cookies. You must actively choose or deselect which cookies we may collect and use.<\/p>\n<p>If you later regret your choice regarding cookies, simply follow the link at the bottom of this page, which will guide you on how to delete your cookies. You will then be presented with the option to say \"no thanks to cookies\".<\/p>\n<p><strong>Deleting cookies<\/strong><\/p>\n<p>We hope you will allow cookies from<a href=\"http:\/\/www.voresnykobing.dk\/en\/\">www.voresnykobing.dk<\/a>They help us to improve the website and help you not to have to choose the same things over and over again.<\/p>\n<p>If you do not want to receive cookies from<a href=\"http:\/\/www.voresnykobing.dk\/en\/\">www.voresnykobing.dk<\/a>In your browser's internet settings, select advanced cookie settings and add<a href=\"http:\/\/www.voresnykobing.dk\/en\/\">www.voresnykobing.dk<\/a>\u00a0to the list of websites you want to block cookies from. Here you can also delete individual cookies or allied cookies that your browser has stored.<\/p>\n<p>If you set your browser to block cookies from<a href=\"http:\/\/www.voresnykobing.dk\/en\/\">www.voresnykobing.dk<\/a>Please be aware that some of the website's features may no longer work.<\/p>\n<p><a href=\"http:\/\/minecookies.org\/cookiehandtering\/\">Find more information about deleting all cookies here.<\/a><\/p>\n<p>&nbsp;<\/p>","protected":false},"excerpt":{"rendered":"<p>PRIVACY AND COOKIE POLICY What data does www.voresnykobing.dk collect about you? When you visit our website, we collect your IP address and data about your operating system, your mobile device, your internet browser and your activities on the site, e.g. which pages you view, your searches, etc. We do not want to collect sensitive data about you unless you have provided it to us. ... <a title=\"Privacy and cookie policy\" class=\"read-more\" href=\"https:\/\/www.voresnykobing.dk\/en\/persondata-og-cookiepolitik\/\" aria-label=\"Read more about Privacy and Cookie Policy\">Read more<\/a><\/p>","protected":false},"author":1,"featured_media":0,"parent":0,"menu_order":0,"comment_status":"closed","ping_status":"closed","template":"","meta":{"footnotes":""},"class_list":["post-4054","page","type-page","status-publish"],"yoast_head":"<!-- This site is optimized with the Yoast SEO plugin v27.4 - https:\/\/yoast.com\/product\/yoast-seo-wordpress\/ -->\n<title>Persondata- og cookiepolitik | Vores Nyk\u00f8bing<\/title>\n<meta name=\"robots\" content=\"index, follow, max-snippet:-1, max-image-preview:large, max-video-preview:-1\" \/>\n<link rel=\"canonical\" href=\"https:\/\/www.voresnykobing.dk\/en\/personal-data-and-cookie-policy\/\" \/>\n<meta property=\"og:locale\" content=\"en_GB\" \/>\n<meta property=\"og:type\" content=\"article\" \/>\n<meta property=\"og:title\" content=\"Persondata- og cookiepolitik | Vores Nyk\u00f8bing\" \/>\n<meta property=\"og:description\" content=\"PERSONDATA- OG COOKIEPOLITIK Hvilke data indsamler www.voresnykobing.dk\u00a0om dig? N\u00e5r du bes\u00f8ger\u00a0vores hjemmeside, indsamler vi din IP-adresse og data om dit styresystem, din mobile enhed, din internet-browser og dine aktiviteter p\u00e5 siden, fx hvilke sider du ser, dine s\u00f8gninger m.v. Vi \u00f8nsker ikke at indsamle f\u00f8lsomme data om dig, medmindre du selv har givet os dem. ... Read more\" \/>\n<meta property=\"og:url\" content=\"https:\/\/www.voresnykobing.dk\/en\/personal-data-and-cookie-policy\/\" \/>\n<meta property=\"og:site_name\" content=\"Vores Nyk\u00f8bing\" \/>\n<meta property=\"article:publisher\" content=\"https:\/\/www.facebook.com\/voresnykobing\" \/>\n<meta name=\"twitter:card\" content=\"summary_large_image\" \/>\n<meta name=\"twitter:label1\" content=\"Estimated reading time\" \/>\n\t<meta name=\"twitter:data1\" content=\"5 minutes\" \/>\n<script type=\"application\/ld+json\" class=\"yoast-schema-graph\">{\"@context\":\"https:\\\/\\\/schema.org\",\"@graph\":[{\"@type\":\"WebPage\",\"@id\":\"https:\\\/\\\/www.voresnykobing.dk\\\/persondata-og-cookiepolitik\\\/\",\"url\":\"https:\\\/\\\/www.voresnykobing.dk\\\/persondata-og-cookiepolitik\\\/\",\"name\":\"Persondata- og cookiepolitik | Vores Nyk\u00f8bing\",\"isPartOf\":{\"@id\":\"https:\\\/\\\/www.voresnykobing.dk\\\/#website\"},\"datePublished\":\"2020-10-13T13:10:27+00:00\",\"breadcrumb\":{\"@id\":\"https:\\\/\\\/www.voresnykobing.dk\\\/persondata-og-cookiepolitik\\\/#breadcrumb\"},\"inLanguage\":\"en-GB\",\"potentialAction\":[{\"@type\":\"ReadAction\",\"target\":[\"https:\\\/\\\/www.voresnykobing.dk\\\/persondata-og-cookiepolitik\\\/\"]}]},{\"@type\":\"BreadcrumbList\",\"@id\":\"https:\\\/\\\/www.voresnykobing.dk\\\/persondata-og-cookiepolitik\\\/#breadcrumb\",\"itemListElement\":[{\"@type\":\"ListItem\",\"position\":1,\"name\":\"Hjem\",\"item\":\"https:\\\/\\\/www.voresnykobing.dk\\\/\"},{\"@type\":\"ListItem\",\"position\":2,\"name\":\"Persondata- og cookiepolitik\"}]},{\"@type\":\"WebSite\",\"@id\":\"https:\\\/\\\/www.voresnykobing.dk\\\/#website\",\"url\":\"https:\\\/\\\/www.voresnykobing.dk\\\/\",\"name\":\"Vores Nyk\u00f8bing\",\"description\":\"Shopping og butikker i Nyk\u00f8bing F\",\"publisher\":{\"@id\":\"https:\\\/\\\/www.voresnykobing.dk\\\/#organization\"},\"potentialAction\":[{\"@type\":\"SearchAction\",\"target\":{\"@type\":\"EntryPoint\",\"urlTemplate\":\"https:\\\/\\\/www.voresnykobing.dk\\\/?s={search_term_string}\"},\"query-input\":{\"@type\":\"PropertyValueSpecification\",\"valueRequired\":true,\"valueName\":\"search_term_string\"}}],\"inLanguage\":\"en-GB\"},{\"@type\":\"Organization\",\"@id\":\"https:\\\/\\\/www.voresnykobing.dk\\\/#organization\",\"name\":\"Vores Nyk\u00f8bing\",\"url\":\"https:\\\/\\\/www.voresnykobing.dk\\\/\",\"logo\":{\"@type\":\"ImageObject\",\"inLanguage\":\"en-GB\",\"@id\":\"https:\\\/\\\/www.voresnykobing.dk\\\/#\\\/schema\\\/logo\\\/image\\\/\",\"url\":\"https:\\\/\\\/www.voresnykobing.dk\\\/wp-content\\\/uploads\\\/2020\\\/06\\\/voresnyk-logo-2.png\",\"contentUrl\":\"https:\\\/\\\/www.voresnykobing.dk\\\/wp-content\\\/uploads\\\/2020\\\/06\\\/voresnyk-logo-2.png\",\"width\":209,\"height\":230,\"caption\":\"Vores Nyk\u00f8bing\"},\"image\":{\"@id\":\"https:\\\/\\\/www.voresnykobing.dk\\\/#\\\/schema\\\/logo\\\/image\\\/\"},\"sameAs\":[\"https:\\\/\\\/www.facebook.com\\\/voresnykobing\"]}]}<\/script>\n<!-- \/ Yoast SEO plugin. -->","yoast_head_json":{"title":"Privacy and Cookie Policy | Our Nyk\u00f8bing","robots":{"index":"index","follow":"follow","max-snippet":"max-snippet:-1","max-image-preview":"max-image-preview:large","max-video-preview":"max-video-preview:-1"},"canonical":"https:\/\/www.voresnykobing.dk\/en\/personal-data-and-cookie-policy\/","og_locale":"en_GB","og_type":"article","og_title":"Persondata- og cookiepolitik | Vores Nyk\u00f8bing","og_description":"PERSONDATA- OG COOKIEPOLITIK Hvilke data indsamler www.voresnykobing.dk\u00a0om dig? N\u00e5r du bes\u00f8ger\u00a0vores hjemmeside, indsamler vi din IP-adresse og data om dit styresystem, din mobile enhed, din internet-browser og dine aktiviteter p\u00e5 siden, fx hvilke sider du ser, dine s\u00f8gninger m.v. Vi \u00f8nsker ikke at indsamle f\u00f8lsomme data om dig, medmindre du selv har givet os dem. ... Read more","og_url":"https:\/\/www.voresnykobing.dk\/en\/personal-data-and-cookie-policy\/","og_site_name":"Vores Nyk\u00f8bing","article_publisher":"https:\/\/www.facebook.com\/voresnykobing","twitter_card":"summary_large_image","twitter_misc":{"Estimated reading time":"5 minutes"},"schema":{"@context":"https:\/\/schema.org","@graph":[{"@type":"WebPage","@id":"https:\/\/www.voresnykobing.dk\/persondata-og-cookiepolitik\/","url":"https:\/\/www.voresnykobing.dk\/persondata-og-cookiepolitik\/","name":"Privacy and Cookie Policy | Our Nyk\u00f8bing","isPartOf":{"@id":"https:\/\/www.voresnykobing.dk\/#website"},"datePublished":"2020-10-13T13:10:27+00:00","breadcrumb":{"@id":"https:\/\/www.voresnykobing.dk\/persondata-og-cookiepolitik\/#breadcrumb"},"inLanguage":"en-GB","potentialAction":[{"@type":"ReadAction","target":["https:\/\/www.voresnykobing.dk\/persondata-og-cookiepolitik\/"]}]},{"@type":"BreadcrumbList","@id":"https:\/\/www.voresnykobing.dk\/persondata-og-cookiepolitik\/#breadcrumb","itemListElement":[{"@type":"ListItem","position":1,"name":"Hjem","item":"https:\/\/www.voresnykobing.dk\/"},{"@type":"ListItem","position":2,"name":"Persondata- og cookiepolitik"}]},{"@type":"WebSite","@id":"https:\/\/www.voresnykobing.dk\/#website","url":"https:\/\/www.voresnykobing.dk\/","name":"Our Nyk\u00f8bing","description":"Shopping and stores in Nyk\u00f8bing F","publisher":{"@id":"https:\/\/www.voresnykobing.dk\/#organization"},"potentialAction":[{"@type":"SearchAction","target":{"@type":"EntryPoint","urlTemplate":"https:\/\/www.voresnykobing.dk\/?s={search_term_string}"},"query-input":{"@type":"PropertyValueSpecification","valueRequired":true,"valueName":"search_term_string"}}],"inLanguage":"en-GB"},{"@type":"Organization","@id":"https:\/\/www.voresnykobing.dk\/#organization","name":"Our Nyk\u00f8bing","url":"https:\/\/www.voresnykobing.dk\/","logo":{"@type":"ImageObject","inLanguage":"en-GB","@id":"https:\/\/www.voresnykobing.dk\/#\/schema\/logo\/image\/","url":"https:\/\/www.voresnykobing.dk\/wp-content\/uploads\/2020\/06\/voresnyk-logo-2.png","contentUrl":"https:\/\/www.voresnykobing.dk\/wp-content\/uploads\/2020\/06\/voresnyk-logo-2.png","width":209,"height":230,"caption":"Vores Nyk\u00f8bing"},"image":{"@id":"https:\/\/www.voresnykobing.dk\/#\/schema\/logo\/image\/"},"sameAs":["https:\/\/www.facebook.com\/voresnykobing"]}]}},"_links":{"self":[{"href":"https:\/\/www.voresnykobing.dk\/en\/wp-json\/wp\/v2\/pages\/4054","targetHints":{"allow":["GET"]}}],"collection":[{"href":"https:\/\/www.voresnykobing.dk\/en\/wp-json\/wp\/v2\/pages"}],"about":[{"href":"https:\/\/www.voresnykobing.dk\/en\/wp-json\/wp\/v2\/types\/page"}],"author":[{"embeddable":true,"href":"https:\/\/www.voresnykobing.dk\/en\/wp-json\/wp\/v2\/users\/1"}],"replies":[{"embeddable":true,"href":"https:\/\/www.voresnykobing.dk\/en\/wp-json\/wp\/v2\/comments?post=4054"}],"version-history":[{"count":0,"href":"https:\/\/www.voresnykobing.dk\/en\/wp-json\/wp\/v2\/pages\/4054\/revisions"}],"wp:attachment":[{"href":"https:\/\/www.voresnykobing.dk\/en\/wp-json\/wp\/v2\/media?parent=4054"}],"curies":[{"name":"wp","href":"https:\/\/api.w.org\/{rel}","templated":true}]}}